{"id":334,"date":"2020-07-27T17:11:51","date_gmt":"2020-07-27T15:11:51","guid":{"rendered":"https:\/\/syandse.lemon.ch\/contact\/"},"modified":"2021-11-12T14:06:57","modified_gmt":"2021-11-12T13:06:57","slug":"contact","status":"publish","type":"page","link":"https:\/\/syandse.ch\/fr\/contact\/","title":{"rendered":"Contact"},"content":{"rendered":"\n<div class=\"wpcf7 no-js\" id=\"wpcf7-f383-o1\" lang=\"fr-FR\" dir=\"ltr\" data-wpcf7-id=\"383\">\n<div class=\"screen-reader-response\"><p role=\"status\" aria-live=\"polite\" aria-atomic=\"true\"><\/p> <ul><\/ul><\/div>\n<form action=\"\/fr\/wp-json\/wp\/v2\/pages\/334#wpcf7-f383-o1\" method=\"post\" class=\"wpcf7-form init\" aria-label=\"Formulaire de contact\" novalidate=\"novalidate\" data-status=\"init\">\n<fieldset class=\"hidden-fields-container\"><input type=\"hidden\" name=\"_wpcf7\" value=\"383\" \/><input type=\"hidden\" name=\"_wpcf7_version\" value=\"6.1.5\" \/><input type=\"hidden\" name=\"_wpcf7_locale\" value=\"fr_FR\" \/><input type=\"hidden\" name=\"_wpcf7_unit_tag\" value=\"wpcf7-f383-o1\" \/><input type=\"hidden\" name=\"_wpcf7_container_post\" value=\"0\" \/><input type=\"hidden\" name=\"_wpcf7_posted_data_hash\" value=\"\" \/>\n<\/fieldset>\n<div class=\"wpcf7-turnstile cf-turnstile\" data-sitekey=\"0x4AAAAAABrQSuybG5Apdo_k\" data-response-field-name=\"_wpcf7_turnstile_response\"><\/div>\n\n<fieldset class=\"grid\">\n\t<p class=\"form-item col col-m-6\"><br \/>\n<label class=\"required\" for=\"form-firstname\">Pr\u00e9nom<\/label><span class=\"wpcf7-form-control-wrap\" data-name=\"your-firstname\"><input size=\"40\" maxlength=\"400\" class=\"wpcf7-form-control wpcf7-text wpcf7-validates-as-required\" id=\"form-firstname\" aria-required=\"true\" aria-invalid=\"false\" value=\"\" type=\"text\" name=\"your-firstname\" \/><\/span>\n\t<\/p>\n\t<p class=\"form-item col col-m-6\"><br \/>\n<label class=\"required\" for=\"form-lastname\">Nom de famille<\/label><span class=\"wpcf7-form-control-wrap\" data-name=\"your-lastname\"><input size=\"40\" maxlength=\"400\" class=\"wpcf7-form-control wpcf7-text wpcf7-validates-as-required\" id=\"form-lastname\" aria-required=\"true\" aria-invalid=\"false\" value=\"\" type=\"text\" name=\"your-lastname\" \/><\/span>\n\t<\/p>\n\t<p class=\"form-item col col-m-6\"><br \/>\n<label class=\"\" for=\"form-company\">Entreprise (facultatif)<\/label><span class=\"wpcf7-form-control-wrap\" data-name=\"form-company\"><input size=\"40\" maxlength=\"400\" class=\"wpcf7-form-control wpcf7-text\" id=\"form-company\" aria-invalid=\"false\" value=\"\" type=\"text\" name=\"form-company\" \/><\/span>\n\t<\/p>\n\t<p class=\"form-item col col-m-6\"><br \/>\n<label class=\"\" for=\"form-company-job\">Fonction (facultatif)<\/label><span class=\"wpcf7-form-control-wrap\" data-name=\"form-company-job\"><input size=\"40\" maxlength=\"400\" class=\"wpcf7-form-control wpcf7-text\" id=\"form-company-job\" aria-invalid=\"false\" value=\"\" type=\"text\" name=\"form-company-job\" \/><\/span>\n\t<\/p>\n\t<p class=\"form-item col col-m-6\"><br \/>\n<label class=\"required\" for=\"form-email\">Adresse e-mail<\/label><span class=\"wpcf7-form-control-wrap\" data-name=\"your-email\"><input size=\"40\" maxlength=\"400\" class=\"wpcf7-form-control wpcf7-email wpcf7-validates-as-required wpcf7-text wpcf7-validates-as-email\" id=\"form-email\" aria-required=\"true\" aria-invalid=\"false\" value=\"\" type=\"email\" name=\"your-email\" \/><\/span>\n\t<\/p>\n\t<p class=\"form-item col col-m-6\"><br \/>\n<label for=\"form-tel\">Num\u00e9ro de t\u00e9l\u00e9phone (facultatif)<\/label><span class=\"wpcf7-form-control-wrap\" data-name=\"form-tel\"><input size=\"40\" maxlength=\"400\" class=\"wpcf7-form-control wpcf7-tel wpcf7-text wpcf7-validates-as-tel\" id=\"form-tel\" aria-invalid=\"false\" value=\"\" type=\"tel\" name=\"form-tel\" \/><\/span>\n\t<\/p>\n<\/fieldset>\n<p class=\"form-item\"><br \/>\n<label class=\"required\" for=\"your-message\">Votre message<\/label><span class=\"wpcf7-form-control-wrap\" data-name=\"your-message\"><textarea cols=\"40\" rows=\"4\" maxlength=\"2000\" class=\"wpcf7-form-control wpcf7-textarea wpcf7-validates-as-required\" id=\"your-message\" aria-required=\"true\" aria-invalid=\"false\" name=\"your-message\"><\/textarea><\/span>\n<\/p>\n<p><input class=\"wpcf7-form-control wpcf7-submit has-spinner\" type=\"submit\" value=\"Envoyer\" \/>\n<\/p><div class=\"wpcf7-response-output\" aria-hidden=\"true\"><\/div>\n<\/form>\n<\/div>\n\n","protected":false},"excerpt":{"rendered":"","protected":false},"author":1,"featured_media":0,"parent":0,"menu_order":0,"comment_status":"closed","ping_status":"closed","template":"","meta":{"_acf_changed":false,"footnotes":""},"categories":[],"class_list":["post-334","page","type-page","status-publish","hentry"],"acf":[],"yoast_head":"<!-- This site is optimized with the Yoast SEO Premium plugin v26.2 (Yoast SEO v27.3) - https:\/\/yoast.com\/product\/yoast-seo-premium-wordpress\/ -->\n<title>Contact - Sy&amp;Se SA<\/title>\n<meta name=\"description\" content=\"Contactez-nous par mail, t\u00e9l\u00e9phone ou le formulaire de contact. Nous sommes \u00e0 La Chaux-de-Fonds, c\u0153ur microtechnique de la Suisse.\" \/>\n<meta name=\"robots\" content=\"index, follow, max-snippet:-1, max-image-preview:large, max-video-preview:-1\" \/>\n<link rel=\"canonical\" href=\"https:\/\/syandse.ch\/fr\/contact\/\" \/>\n<meta property=\"og:locale\" content=\"fr_FR\" \/>\n<meta property=\"og:type\" content=\"article\" \/>\n<meta property=\"og:title\" content=\"Contact\" \/>\n<meta property=\"og:description\" content=\"Contactez-nous par mail, t\u00e9l\u00e9phone ou le formulaire de contact. Nous sommes \u00e0 La Chaux-de-Fonds, c\u0153ur microtechnique de la Suisse.\" \/>\n<meta property=\"og:url\" content=\"https:\/\/syandse.ch\/fr\/contact\/\" \/>\n<meta property=\"og:site_name\" content=\"Sy&amp;Se SA\" \/>\n<meta property=\"article:modified_time\" content=\"2021-11-12T13:06:57+00:00\" \/>\n<meta name=\"twitter:card\" content=\"summary_large_image\" \/>\n<meta name=\"twitter:label1\" content=\"Dur\u00e9e de lecture estim\u00e9e\" \/>\n\t<meta name=\"twitter:data1\" content=\"1 minute\" \/>\n<script type=\"application\/ld+json\" class=\"yoast-schema-graph\">{\"@context\":\"https:\\\/\\\/schema.org\",\"@graph\":[{\"@type\":\"WebPage\",\"@id\":\"https:\\\/\\\/syandse.ch\\\/fr\\\/contact\\\/\",\"url\":\"https:\\\/\\\/syandse.ch\\\/fr\\\/contact\\\/\",\"name\":\"Contact - Sy&amp;Se SA\",\"isPartOf\":{\"@id\":\"https:\\\/\\\/syandse.ch\\\/fr\\\/#website\"},\"datePublished\":\"2020-07-27T15:11:51+00:00\",\"dateModified\":\"2021-11-12T13:06:57+00:00\",\"description\":\"Contactez-nous par mail, t\u00e9l\u00e9phone ou le formulaire de contact. Nous sommes \u00e0 La Chaux-de-Fonds, c\u0153ur microtechnique de la Suisse.\",\"breadcrumb\":{\"@id\":\"https:\\\/\\\/syandse.ch\\\/fr\\\/contact\\\/#breadcrumb\"},\"inLanguage\":\"fr-FR\",\"potentialAction\":[{\"@type\":\"ReadAction\",\"target\":[\"https:\\\/\\\/syandse.ch\\\/fr\\\/contact\\\/\"]}]},{\"@type\":\"BreadcrumbList\",\"@id\":\"https:\\\/\\\/syandse.ch\\\/fr\\\/contact\\\/#breadcrumb\",\"itemListElement\":[{\"@type\":\"ListItem\",\"position\":1,\"name\":\"Home\",\"item\":\"https:\\\/\\\/syandse.ch\\\/fr\\\/\"},{\"@type\":\"ListItem\",\"position\":2,\"name\":\"Contact\"}]},{\"@type\":\"WebSite\",\"@id\":\"https:\\\/\\\/syandse.ch\\\/fr\\\/#website\",\"url\":\"https:\\\/\\\/syandse.ch\\\/fr\\\/\",\"name\":\"Sy&amp;Se SA\",\"description\":\"\",\"potentialAction\":[{\"@type\":\"SearchAction\",\"target\":{\"@type\":\"EntryPoint\",\"urlTemplate\":\"https:\\\/\\\/syandse.ch\\\/fr\\\/?s={search_term_string}\"},\"query-input\":{\"@type\":\"PropertyValueSpecification\",\"valueRequired\":true,\"valueName\":\"search_term_string\"}}],\"inLanguage\":\"fr-FR\"}]}<\/script>\n<!-- \/ Yoast SEO Premium plugin. -->","yoast_head_json":{"title":"Contact - Sy&amp;Se SA","description":"Contactez-nous par mail, t\u00e9l\u00e9phone ou le formulaire de contact. Nous sommes \u00e0 La Chaux-de-Fonds, c\u0153ur microtechnique de la Suisse.","robots":{"index":"index","follow":"follow","max-snippet":"max-snippet:-1","max-image-preview":"max-image-preview:large","max-video-preview":"max-video-preview:-1"},"canonical":"https:\/\/syandse.ch\/fr\/contact\/","og_locale":"fr_FR","og_type":"article","og_title":"Contact","og_description":"Contactez-nous par mail, t\u00e9l\u00e9phone ou le formulaire de contact. Nous sommes \u00e0 La Chaux-de-Fonds, c\u0153ur microtechnique de la Suisse.","og_url":"https:\/\/syandse.ch\/fr\/contact\/","og_site_name":"Sy&amp;Se SA","article_modified_time":"2021-11-12T13:06:57+00:00","twitter_card":"summary_large_image","twitter_misc":{"Dur\u00e9e de lecture estim\u00e9e":"1 minute"},"schema":{"@context":"https:\/\/schema.org","@graph":[{"@type":"WebPage","@id":"https:\/\/syandse.ch\/fr\/contact\/","url":"https:\/\/syandse.ch\/fr\/contact\/","name":"Contact - Sy&amp;Se SA","isPartOf":{"@id":"https:\/\/syandse.ch\/fr\/#website"},"datePublished":"2020-07-27T15:11:51+00:00","dateModified":"2021-11-12T13:06:57+00:00","description":"Contactez-nous par mail, t\u00e9l\u00e9phone ou le formulaire de contact. Nous sommes \u00e0 La Chaux-de-Fonds, c\u0153ur microtechnique de la Suisse.","breadcrumb":{"@id":"https:\/\/syandse.ch\/fr\/contact\/#breadcrumb"},"inLanguage":"fr-FR","potentialAction":[{"@type":"ReadAction","target":["https:\/\/syandse.ch\/fr\/contact\/"]}]},{"@type":"BreadcrumbList","@id":"https:\/\/syandse.ch\/fr\/contact\/#breadcrumb","itemListElement":[{"@type":"ListItem","position":1,"name":"Home","item":"https:\/\/syandse.ch\/fr\/"},{"@type":"ListItem","position":2,"name":"Contact"}]},{"@type":"WebSite","@id":"https:\/\/syandse.ch\/fr\/#website","url":"https:\/\/syandse.ch\/fr\/","name":"Sy&amp;Se SA","description":"","potentialAction":[{"@type":"SearchAction","target":{"@type":"EntryPoint","urlTemplate":"https:\/\/syandse.ch\/fr\/?s={search_term_string}"},"query-input":{"@type":"PropertyValueSpecification","valueRequired":true,"valueName":"search_term_string"}}],"inLanguage":"fr-FR"}]}},"_links":{"self":[{"href":"https:\/\/syandse.ch\/fr\/wp-json\/wp\/v2\/pages\/334","targetHints":{"allow":["GET"]}}],"collection":[{"href":"https:\/\/syandse.ch\/fr\/wp-json\/wp\/v2\/pages"}],"about":[{"href":"https:\/\/syandse.ch\/fr\/wp-json\/wp\/v2\/types\/page"}],"author":[{"embeddable":true,"href":"https:\/\/syandse.ch\/fr\/wp-json\/wp\/v2\/users\/1"}],"replies":[{"embeddable":true,"href":"https:\/\/syandse.ch\/fr\/wp-json\/wp\/v2\/comments?post=334"}],"version-history":[{"count":7,"href":"https:\/\/syandse.ch\/fr\/wp-json\/wp\/v2\/pages\/334\/revisions"}],"predecessor-version":[{"id":416,"href":"https:\/\/syandse.ch\/fr\/wp-json\/wp\/v2\/pages\/334\/revisions\/416"}],"wp:attachment":[{"href":"https:\/\/syandse.ch\/fr\/wp-json\/wp\/v2\/media?parent=334"}],"wp:term":[{"taxonomy":"category","embeddable":true,"href":"https:\/\/syandse.ch\/fr\/wp-json\/wp\/v2\/categories?post=334"}],"curies":[{"name":"wp","href":"https:\/\/api.w.org\/{rel}","templated":true}]}}