{"id":386,"date":"2018-12-10T16:44:43","date_gmt":"2018-12-10T15:44:43","guid":{"rendered":"https:\/\/syandse.lemon.ch\/home\/"},"modified":"2025-02-24T19:07:51","modified_gmt":"2025-02-24T18:07:51","slug":"home","status":"publish","type":"page","link":"https:\/\/syandse.ch\/fr\/","title":{"rendered":"Homepage"},"content":{"rendered":"","protected":false},"excerpt":{"rendered":"","protected":false},"author":1,"featured_media":0,"parent":0,"menu_order":0,"comment_status":"closed","ping_status":"closed","template":"","meta":{"_acf_changed":false,"footnotes":""},"categories":[],"class_list":["post-386","page","type-page","status-publish","hentry"],"acf":[],"yoast_head":"<!-- This site is optimized with the Yoast SEO Premium plugin v26.2 (Yoast SEO v27.3) - https:\/\/yoast.com\/product\/yoast-seo-premium-wordpress\/ -->\n<title>Homepage - Sy&amp;Se SA<\/title>\n<meta name=\"description\" content=\"Sy&amp;Se est une spin-off de la Haute-Ecole Arc Ing\u00e9nierie, sp\u00e9cialis\u00e9e dans l\u2019assemblage de verres avec des m\u00e9taux et des c\u00e9ramiques.\" \/>\n<meta name=\"robots\" content=\"index, follow, max-snippet:-1, max-image-preview:large, max-video-preview:-1\" \/>\n<link rel=\"canonical\" href=\"https:\/\/syandse.ch\/fr\/\" \/>\n<meta property=\"og:locale\" content=\"fr_FR\" \/>\n<meta property=\"og:type\" content=\"article\" \/>\n<meta property=\"og:title\" content=\"Homepage\" \/>\n<meta property=\"og:description\" content=\"Sy&amp;Se est une spin-off de la Haute-Ecole Arc Ing\u00e9nierie, sp\u00e9cialis\u00e9e dans l\u2019assemblage de verres avec des m\u00e9taux et des c\u00e9ramiques.\" \/>\n<meta property=\"og:url\" content=\"https:\/\/syandse.ch\/fr\/\" \/>\n<meta property=\"og:site_name\" content=\"Sy&amp;Se SA\" \/>\n<meta property=\"article:modified_time\" content=\"2025-02-24T18:07:51+00:00\" \/>\n<meta name=\"twitter:card\" content=\"summary_large_image\" \/>\n<script type=\"application\/ld+json\" class=\"yoast-schema-graph\">{\"@context\":\"https:\\\/\\\/schema.org\",\"@graph\":[{\"@type\":\"WebPage\",\"@id\":\"https:\\\/\\\/syandse.ch\\\/fr\\\/\",\"url\":\"https:\\\/\\\/syandse.ch\\\/fr\\\/\",\"name\":\"Homepage - Sy&amp;Se SA\",\"isPartOf\":{\"@id\":\"https:\\\/\\\/syandse.ch\\\/fr\\\/#website\"},\"datePublished\":\"2018-12-10T15:44:43+00:00\",\"dateModified\":\"2025-02-24T18:07:51+00:00\",\"description\":\"Sy&Se est une spin-off de la Haute-Ecole Arc Ing\u00e9nierie, sp\u00e9cialis\u00e9e dans l\u2019assemblage de verres avec des m\u00e9taux et des c\u00e9ramiques.\",\"breadcrumb\":{\"@id\":\"https:\\\/\\\/syandse.ch\\\/fr\\\/#breadcrumb\"},\"inLanguage\":\"fr-FR\",\"potentialAction\":[{\"@type\":\"ReadAction\",\"target\":[\"https:\\\/\\\/syandse.ch\\\/fr\\\/\"]}]},{\"@type\":\"BreadcrumbList\",\"@id\":\"https:\\\/\\\/syandse.ch\\\/fr\\\/#breadcrumb\",\"itemListElement\":[{\"@type\":\"ListItem\",\"position\":1,\"name\":\"Home\",\"item\":\"https:\\\/\\\/syandse.ch\\\/fr\\\/\"},{\"@type\":\"ListItem\",\"position\":2,\"name\":\"Homepage\"}]},{\"@type\":\"WebSite\",\"@id\":\"https:\\\/\\\/syandse.ch\\\/fr\\\/#website\",\"url\":\"https:\\\/\\\/syandse.ch\\\/fr\\\/\",\"name\":\"Sy&amp;Se SA\",\"description\":\"\",\"potentialAction\":[{\"@type\":\"SearchAction\",\"target\":{\"@type\":\"EntryPoint\",\"urlTemplate\":\"https:\\\/\\\/syandse.ch\\\/fr\\\/?s={search_term_string}\"},\"query-input\":{\"@type\":\"PropertyValueSpecification\",\"valueRequired\":true,\"valueName\":\"search_term_string\"}}],\"inLanguage\":\"fr-FR\"}]}<\/script>\n<!-- \/ Yoast SEO Premium plugin. -->","yoast_head_json":{"title":"Homepage - Sy&amp;Se SA","description":"Sy&Se est une spin-off de la Haute-Ecole Arc Ing\u00e9nierie, sp\u00e9cialis\u00e9e dans l\u2019assemblage de verres avec des m\u00e9taux et des c\u00e9ramiques.","robots":{"index":"index","follow":"follow","max-snippet":"max-snippet:-1","max-image-preview":"max-image-preview:large","max-video-preview":"max-video-preview:-1"},"canonical":"https:\/\/syandse.ch\/fr\/","og_locale":"fr_FR","og_type":"article","og_title":"Homepage","og_description":"Sy&Se est une spin-off de la Haute-Ecole Arc Ing\u00e9nierie, sp\u00e9cialis\u00e9e dans l\u2019assemblage de verres avec des m\u00e9taux et des c\u00e9ramiques.","og_url":"https:\/\/syandse.ch\/fr\/","og_site_name":"Sy&amp;Se SA","article_modified_time":"2025-02-24T18:07:51+00:00","twitter_card":"summary_large_image","schema":{"@context":"https:\/\/schema.org","@graph":[{"@type":"WebPage","@id":"https:\/\/syandse.ch\/fr\/","url":"https:\/\/syandse.ch\/fr\/","name":"Homepage - Sy&amp;Se SA","isPartOf":{"@id":"https:\/\/syandse.ch\/fr\/#website"},"datePublished":"2018-12-10T15:44:43+00:00","dateModified":"2025-02-24T18:07:51+00:00","description":"Sy&Se est une spin-off de la Haute-Ecole Arc Ing\u00e9nierie, sp\u00e9cialis\u00e9e dans l\u2019assemblage de verres avec des m\u00e9taux et des c\u00e9ramiques.","breadcrumb":{"@id":"https:\/\/syandse.ch\/fr\/#breadcrumb"},"inLanguage":"fr-FR","potentialAction":[{"@type":"ReadAction","target":["https:\/\/syandse.ch\/fr\/"]}]},{"@type":"BreadcrumbList","@id":"https:\/\/syandse.ch\/fr\/#breadcrumb","itemListElement":[{"@type":"ListItem","position":1,"name":"Home","item":"https:\/\/syandse.ch\/fr\/"},{"@type":"ListItem","position":2,"name":"Homepage"}]},{"@type":"WebSite","@id":"https:\/\/syandse.ch\/fr\/#website","url":"https:\/\/syandse.ch\/fr\/","name":"Sy&amp;Se SA","description":"","potentialAction":[{"@type":"SearchAction","target":{"@type":"EntryPoint","urlTemplate":"https:\/\/syandse.ch\/fr\/?s={search_term_string}"},"query-input":{"@type":"PropertyValueSpecification","valueRequired":true,"valueName":"search_term_string"}}],"inLanguage":"fr-FR"}]}},"_links":{"self":[{"href":"https:\/\/syandse.ch\/fr\/wp-json\/wp\/v2\/pages\/386","targetHints":{"allow":["GET"]}}],"collection":[{"href":"https:\/\/syandse.ch\/fr\/wp-json\/wp\/v2\/pages"}],"about":[{"href":"https:\/\/syandse.ch\/fr\/wp-json\/wp\/v2\/types\/page"}],"author":[{"embeddable":true,"href":"https:\/\/syandse.ch\/fr\/wp-json\/wp\/v2\/users\/1"}],"replies":[{"embeddable":true,"href":"https:\/\/syandse.ch\/fr\/wp-json\/wp\/v2\/comments?post=386"}],"version-history":[{"count":10,"href":"https:\/\/syandse.ch\/fr\/wp-json\/wp\/v2\/pages\/386\/revisions"}],"predecessor-version":[{"id":1364,"href":"https:\/\/syandse.ch\/fr\/wp-json\/wp\/v2\/pages\/386\/revisions\/1364"}],"wp:attachment":[{"href":"https:\/\/syandse.ch\/fr\/wp-json\/wp\/v2\/media?parent=386"}],"wp:term":[{"taxonomy":"category","embeddable":true,"href":"https:\/\/syandse.ch\/fr\/wp-json\/wp\/v2\/categories?post=386"}],"curies":[{"name":"wp","href":"https:\/\/api.w.org\/{rel}","templated":true}]}}