{"id":401,"date":"2021-09-01T13:50:39","date_gmt":"2021-09-01T11:50:39","guid":{"rendered":"https:\/\/syandse.lemon.ch\/?page_id=401"},"modified":"2025-02-24T19:29:45","modified_gmt":"2025-02-24T18:29:45","slug":"a-propos-de-nous","status":"publish","type":"page","link":"https:\/\/syandse.ch\/fr\/a-propos-de-nous\/","title":{"rendered":"A propos de nous&#8230;"},"content":{"rendered":"\n<p class=\"lead\">Sy&amp;Se SA (prononc\u00e9 [sa\u026a] [\u00e6nd] [si\u02d0]) est une entreprise de hautes-technologies sp\u00e9cialis\u00e9e dans l&rsquo;assemblage de verres avec des m\u00e9taux et des c\u00e9ramiques \u2013 pour toutes sortes de domaines et d&rsquo;applications.<\/p>\n\n\n\n<h2 class=\"wp-block-heading\" id=\"h-notre-histoire\">Notre histoire<\/h2>\n\n\n\n<p>Sy&amp;Se a \u00e9t\u00e9 fond\u00e9e en 2017 en tant que spin-off d&rsquo;<a href=\"https:\/\/www.innosuisse.admin.ch\/en\/about-us\">un projet Innosuisse<\/a> entre la&nbsp;<a href=\"https:\/\/www.he-arc.ch\/\">Haute-Ecole Arc Ing\u00e9nierie<\/a>&nbsp;(HE-Arc, qui fait partie de&nbsp;<a href=\"https:\/\/www.hes-so.ch\/en\">la HES-SO, la Haute \u00e9cole sp\u00e9cialis\u00e9e de Suisse<\/a>&nbsp;occidentale) et une entreprise leader mondiale dans l&rsquo;horlogerie haut de gamme. <\/p>\n\n\n\n<p>Le projet collaboratif \u00e9tait ax\u00e9 sur les technologies d&rsquo;assemblage, une \u00e9tape essentielle dans la plupart des processus de fabrication industrielle car elle contribue \u00e0 l&rsquo;obtention de produits finis performants et de haute qualit\u00e9. D&rsquo;une d\u00e9couverte scientifique majeure lors de ce projet est issue <a href=\"https:\/\/syandse.ch\/fr\/technologies\/icb\/\">la technologie d&rsquo;assemblage par impulsions de courant (ICB, Impulse Current Bonding<\/a>), qui a conduit \u00e0 la cr\u00e9ation de l&rsquo;entreprise Sy&amp;Se.<\/p>\n\n\n\n<p>En 2020, la soci\u00e9t\u00e9 a chang\u00e9 de forme juridique pour devenir une soci\u00e9t\u00e9 anonyme (SA) avec son propre Conseil d&rsquo;administration. Pour soutenir sa croissance, la soci\u00e9t\u00e9 a d\u00e9m\u00e9nag\u00e9 d\u00e9but 2023 de La Chaux-de-Fonds \u00e0 Saint-Blaise, pr\u00e8s de Neuch\u00e2tel, dans des locaux plus spacieux et adapt\u00e9s \u00e0 ses activit\u00e9s industrielles.<\/p>\n\n\n\n<h2 class=\"wp-block-heading\" id=\"h-notre-structure\">Notre structure<\/h2>\n\n\n\n<h3 class=\"wp-block-heading\" id=\"h-conseil-d-administration\">Conseil d&rsquo;administration<\/h3>\n\n\n\n<p><strong>S\u00e9bastien Brun<\/strong>, co-fondateur, Pr\u00e9sident du Conseil d&rsquo;administration<br \/>BSc en microtechnique de la Haute Ecole Arc Ing\u00e9nierie (HE-Arc), Neuch\u00e2tel, o\u00f9 il \u00e9tait chef de projet de recherche. Ses domaines d&rsquo;activit\u00e9s \u00e9taient l&rsquo;ing\u00e9nierie des surfaces et l&rsquo;analyse physico-chimique des mat\u00e9riaux pour les industries biom\u00e9dicales et horlog\u00e8res.<\/p>\n\n\n\n<p><strong>Dr. Peter Kupferschmied<\/strong>, Vice-Pr\u00e9sident du Conseil d\u2019administration<br \/>Ing\u00e9nieur en m\u00e9canique et Docteur en syst\u00e8mes de l&rsquo;ETH Zurich. Plus de 30 ans en fonctions dirigeantes dans l&rsquo;industrie et en R&amp;T, avec une large exp\u00e9rience internationale. Membre de conseils d&rsquo;administration ou consultatifs d&rsquo;entreprises technologiques.<\/p>\n\n\n\n<h3 class=\"wp-block-heading\" id=\"h-conseil-scientifique\">Conseil scientifique<\/h3>\n\n\n\n<p><strong>Prof. Dr. Herbert Keppner<\/strong>, Prof. em. HE-Arc<br \/>Doctorat en physique des solides. Expert en cellules solaires et en technologies des plasmas. Plus de 130 publications internationales dans des actes de conf\u00e9rence et des revues, ainsi que 14 brevets.<\/p>\n\n\n\n<p><strong>Prof. Jacques Jacot<\/strong>, Prof. hon. EPF Lausanne<br \/>Prof. em., a contribu\u00e9 activement \u00e0 la formation de g\u00e9n\u00e9rations d&rsquo;ing\u00e9nieurs dans des domaines tels que les techniques d&rsquo;assemblage, le d\u00e9veloppement de produits et les m\u00e9thodes de production, en \u00e9troite collaboration avec l&rsquo;industrie microtechnique et horlog\u00e8re.<\/p>\n\n\n\n\n\n\n\n<h2 class=\"wp-block-heading\" id=\"h-nos-talents\">Nos talents<\/h2>\n\n\n\n<p>Le succ\u00e8s de Sy&amp;Se SA repose sur son \u00e9quipe, qui rassemble des talents hypervotiv\u00e9s dans les diff\u00e9rentes disciplines de son coeur de m\u00e9tier et des fonctions de support. De mani\u00e8re \u00e0 b\u00e9n\u00e9ficier des meilleures comp\u00e9tences dans les domaines adjacents, Sy&amp;Se SA dispose d&rsquo;un fort r\u00e9seau de partenaires, fournisseurs et prestataires, tous sp\u00e9cialistes reconnus dans leur domaine.<\/p>\n\n\n\n<h3 class=\"wp-block-heading\" id=\"h-postes-ouverts\">Postes ouverts<\/h3>\n\n\n\n<p>Il n&rsquo;y actuellement pas de postes ouverts.<\/p>\n\n\n\n\n","protected":false},"excerpt":{"rendered":"<p>Sy&amp;Se SA (prononc\u00e9 [sa\u026a] [\u00e6nd] [si\u02d0]) est une entreprise de hautes-technologies sp\u00e9cialis\u00e9e dans l&rsquo;assemblage de verres avec des m\u00e9taux et des c\u00e9ramiques \u2013 pour toutes sortes de domaines et d&rsquo;applications. Notre histoire Sy&amp;Se a \u00e9t\u00e9 fond\u00e9e en 2017 en tant que spin-off d&rsquo;un projet Innosuisse entre la&nbsp;Haute-Ecole Arc Ing\u00e9nierie&nbsp;(HE-Arc, qui fait partie de&nbsp;la HES-SO, la [&hellip;]<\/p>\n","protected":false},"author":3,"featured_media":0,"parent":0,"menu_order":0,"comment_status":"closed","ping_status":"closed","template":"","meta":{"_acf_changed":false,"footnotes":""},"categories":[],"class_list":["post-401","page","type-page","status-publish","hentry"],"acf":[],"yoast_head":"<!-- This site is optimized with the Yoast SEO Premium plugin v26.2 (Yoast SEO v27.3) - https:\/\/yoast.com\/product\/yoast-seo-premium-wordpress\/ -->\n<title>A propos de nous... - Sy&amp;Se SA<\/title>\n<meta name=\"description\" content=\"Sy&amp;Se SA est une entreprise de haute-technologies sp\u00e9cialis\u00e9e dans l&#039;assemblage de verres avec des m\u00e9taux et des c\u00e9ramiques.\" \/>\n<meta name=\"robots\" content=\"index, follow, max-snippet:-1, max-image-preview:large, max-video-preview:-1\" \/>\n<link rel=\"canonical\" href=\"https:\/\/syandse.ch\/fr\/a-propos-de-nous\/\" \/>\n<meta property=\"og:locale\" content=\"fr_FR\" \/>\n<meta property=\"og:type\" content=\"article\" \/>\n<meta property=\"og:title\" content=\"A propos de nous...\" \/>\n<meta property=\"og:description\" content=\"Sy&amp;Se SA est une entreprise de haute-technologies sp\u00e9cialis\u00e9e dans l&#039;assemblage de verres avec des m\u00e9taux et des c\u00e9ramiques.\" \/>\n<meta property=\"og:url\" content=\"https:\/\/syandse.ch\/fr\/a-propos-de-nous\/\" \/>\n<meta property=\"og:site_name\" content=\"Sy&amp;Se SA\" \/>\n<meta property=\"article:modified_time\" content=\"2025-02-24T18:29:45+00:00\" \/>\n<meta name=\"twitter:card\" content=\"summary_large_image\" \/>\n<meta name=\"twitter:label1\" content=\"Dur\u00e9e de lecture estim\u00e9e\" \/>\n\t<meta name=\"twitter:data1\" content=\"2 minutes\" \/>\n<script type=\"application\/ld+json\" class=\"yoast-schema-graph\">{\"@context\":\"https:\\\/\\\/schema.org\",\"@graph\":[{\"@type\":\"WebPage\",\"@id\":\"https:\\\/\\\/syandse.ch\\\/fr\\\/a-propos-de-nous\\\/\",\"url\":\"https:\\\/\\\/syandse.ch\\\/fr\\\/a-propos-de-nous\\\/\",\"name\":\"A propos de nous... - Sy&amp;Se SA\",\"isPartOf\":{\"@id\":\"https:\\\/\\\/syandse.ch\\\/fr\\\/#website\"},\"datePublished\":\"2021-09-01T11:50:39+00:00\",\"dateModified\":\"2025-02-24T18:29:45+00:00\",\"description\":\"Sy&Se SA est une entreprise de haute-technologies sp\u00e9cialis\u00e9e dans l'assemblage de verres avec des m\u00e9taux et des c\u00e9ramiques.\",\"breadcrumb\":{\"@id\":\"https:\\\/\\\/syandse.ch\\\/fr\\\/a-propos-de-nous\\\/#breadcrumb\"},\"inLanguage\":\"fr-FR\",\"potentialAction\":[{\"@type\":\"ReadAction\",\"target\":[\"https:\\\/\\\/syandse.ch\\\/fr\\\/a-propos-de-nous\\\/\"]}]},{\"@type\":\"BreadcrumbList\",\"@id\":\"https:\\\/\\\/syandse.ch\\\/fr\\\/a-propos-de-nous\\\/#breadcrumb\",\"itemListElement\":[{\"@type\":\"ListItem\",\"position\":1,\"name\":\"Home\",\"item\":\"https:\\\/\\\/syandse.ch\\\/fr\\\/\"},{\"@type\":\"ListItem\",\"position\":2,\"name\":\"A propos de nous&#8230;\"}]},{\"@type\":\"WebSite\",\"@id\":\"https:\\\/\\\/syandse.ch\\\/fr\\\/#website\",\"url\":\"https:\\\/\\\/syandse.ch\\\/fr\\\/\",\"name\":\"Sy&amp;Se SA\",\"description\":\"\",\"potentialAction\":[{\"@type\":\"SearchAction\",\"target\":{\"@type\":\"EntryPoint\",\"urlTemplate\":\"https:\\\/\\\/syandse.ch\\\/fr\\\/?s={search_term_string}\"},\"query-input\":{\"@type\":\"PropertyValueSpecification\",\"valueRequired\":true,\"valueName\":\"search_term_string\"}}],\"inLanguage\":\"fr-FR\"}]}<\/script>\n<!-- \/ Yoast SEO Premium plugin. -->","yoast_head_json":{"title":"A propos de nous... - Sy&amp;Se SA","description":"Sy&Se SA est une entreprise de haute-technologies sp\u00e9cialis\u00e9e dans l'assemblage de verres avec des m\u00e9taux et des c\u00e9ramiques.","robots":{"index":"index","follow":"follow","max-snippet":"max-snippet:-1","max-image-preview":"max-image-preview:large","max-video-preview":"max-video-preview:-1"},"canonical":"https:\/\/syandse.ch\/fr\/a-propos-de-nous\/","og_locale":"fr_FR","og_type":"article","og_title":"A propos de nous...","og_description":"Sy&Se SA est une entreprise de haute-technologies sp\u00e9cialis\u00e9e dans l'assemblage de verres avec des m\u00e9taux et des c\u00e9ramiques.","og_url":"https:\/\/syandse.ch\/fr\/a-propos-de-nous\/","og_site_name":"Sy&amp;Se SA","article_modified_time":"2025-02-24T18:29:45+00:00","twitter_card":"summary_large_image","twitter_misc":{"Dur\u00e9e de lecture estim\u00e9e":"2 minutes"},"schema":{"@context":"https:\/\/schema.org","@graph":[{"@type":"WebPage","@id":"https:\/\/syandse.ch\/fr\/a-propos-de-nous\/","url":"https:\/\/syandse.ch\/fr\/a-propos-de-nous\/","name":"A propos de nous... - Sy&amp;Se SA","isPartOf":{"@id":"https:\/\/syandse.ch\/fr\/#website"},"datePublished":"2021-09-01T11:50:39+00:00","dateModified":"2025-02-24T18:29:45+00:00","description":"Sy&Se SA est une entreprise de haute-technologies sp\u00e9cialis\u00e9e dans l'assemblage de verres avec des m\u00e9taux et des c\u00e9ramiques.","breadcrumb":{"@id":"https:\/\/syandse.ch\/fr\/a-propos-de-nous\/#breadcrumb"},"inLanguage":"fr-FR","potentialAction":[{"@type":"ReadAction","target":["https:\/\/syandse.ch\/fr\/a-propos-de-nous\/"]}]},{"@type":"BreadcrumbList","@id":"https:\/\/syandse.ch\/fr\/a-propos-de-nous\/#breadcrumb","itemListElement":[{"@type":"ListItem","position":1,"name":"Home","item":"https:\/\/syandse.ch\/fr\/"},{"@type":"ListItem","position":2,"name":"A propos de nous&#8230;"}]},{"@type":"WebSite","@id":"https:\/\/syandse.ch\/fr\/#website","url":"https:\/\/syandse.ch\/fr\/","name":"Sy&amp;Se SA","description":"","potentialAction":[{"@type":"SearchAction","target":{"@type":"EntryPoint","urlTemplate":"https:\/\/syandse.ch\/fr\/?s={search_term_string}"},"query-input":{"@type":"PropertyValueSpecification","valueRequired":true,"valueName":"search_term_string"}}],"inLanguage":"fr-FR"}]}},"_links":{"self":[{"href":"https:\/\/syandse.ch\/fr\/wp-json\/wp\/v2\/pages\/401","targetHints":{"allow":["GET"]}}],"collection":[{"href":"https:\/\/syandse.ch\/fr\/wp-json\/wp\/v2\/pages"}],"about":[{"href":"https:\/\/syandse.ch\/fr\/wp-json\/wp\/v2\/types\/page"}],"author":[{"embeddable":true,"href":"https:\/\/syandse.ch\/fr\/wp-json\/wp\/v2\/users\/3"}],"replies":[{"embeddable":true,"href":"https:\/\/syandse.ch\/fr\/wp-json\/wp\/v2\/comments?post=401"}],"version-history":[{"count":60,"href":"https:\/\/syandse.ch\/fr\/wp-json\/wp\/v2\/pages\/401\/revisions"}],"predecessor-version":[{"id":1373,"href":"https:\/\/syandse.ch\/fr\/wp-json\/wp\/v2\/pages\/401\/revisions\/1373"}],"wp:attachment":[{"href":"https:\/\/syandse.ch\/fr\/wp-json\/wp\/v2\/media?parent=401"}],"wp:term":[{"taxonomy":"category","embeddable":true,"href":"https:\/\/syandse.ch\/fr\/wp-json\/wp\/v2\/categories?post=401"}],"curies":[{"name":"wp","href":"https:\/\/api.w.org\/{rel}","templated":true}]}}