{"id":418,"date":"2021-09-03T13:21:22","date_gmt":"2021-09-03T11:21:22","guid":{"rendered":"https:\/\/syandse.lemon.ch\/?page_id=418"},"modified":"2025-02-24T19:45:17","modified_gmt":"2025-02-24T18:45:17","slug":"applications","status":"publish","type":"page","link":"https:\/\/syandse.ch\/fr\/applications\/","title":{"rendered":"Applications"},"content":{"rendered":"\n<p class=\"lead\">Sy&amp;Se SA est sp\u00e9cialis\u00e9e dans l&rsquo;assemblage \u00e0 basse temp\u00e9rature des verres aux m\u00e9taux et aux c\u00e9ramiques.  <a href=\"https:\/\/syandse.ch\/fr\/technologies\/icb\/\">Sa technologie de liaison ICB (Impulse Current Bonding)<\/a> r\u00e9compens\u00e9e et brevet\u00e9e a \u00e9t\u00e9 industrialis\u00e9e en \u00e9troite collaboration avec des fabricants d&rsquo;\u00e9quipements.  Elle a \u00e9t\u00e9 rigoureusement test\u00e9e pour une large gamme d&rsquo;applications align\u00e9es sur les feuilles de route des principales entreprises mondiales de haute-technologie.  Les domaines d&rsquo;application sont les Semi-conducteurs et les MEMS, les t\u00e9l\u00e9coms, l&rsquo;a\u00e9rospatiale, la MedTech, ainsi que l&rsquo;horlogerie et les produits de luxe.<\/p>\n\n\n\n\n","protected":false},"excerpt":{"rendered":"<p>Sy&amp;Se SA est sp\u00e9cialis\u00e9e dans l&rsquo;assemblage \u00e0 basse temp\u00e9rature des verres aux m\u00e9taux et aux c\u00e9ramiques. Sa technologie de liaison ICB (Impulse Current Bonding) r\u00e9compens\u00e9e et brevet\u00e9e a \u00e9t\u00e9 industrialis\u00e9e en \u00e9troite collaboration avec des fabricants d&rsquo;\u00e9quipements. Elle a \u00e9t\u00e9 rigoureusement test\u00e9e pour une large gamme d&rsquo;applications align\u00e9es sur les feuilles de route des principales [&hellip;]<\/p>\n","protected":false},"author":3,"featured_media":0,"parent":0,"menu_order":0,"comment_status":"closed","ping_status":"closed","template":"page-templates\/template-applications.php","meta":{"_acf_changed":false,"footnotes":""},"categories":[],"class_list":["post-418","page","type-page","status-publish","hentry"],"acf":[],"yoast_head":"<!-- This site is optimized with the Yoast SEO Premium plugin v26.2 (Yoast SEO v27.3) - https:\/\/yoast.com\/product\/yoast-seo-premium-wordpress\/ -->\n<title>Application de la technologie ICB et ses avantages - Sy&amp;Se SA<\/title>\n<meta name=\"description\" content=\"Nos technologies sont utilis\u00e9es dans des applications en semi-conducteurs, t\u00e9l\u00e9coms, a\u00e9rospatiale, MedTech, horlogerie et produits de luxe.\" \/>\n<meta name=\"robots\" content=\"index, follow, max-snippet:-1, max-image-preview:large, max-video-preview:-1\" \/>\n<link rel=\"canonical\" href=\"https:\/\/syandse.ch\/fr\/applications\/\" \/>\n<meta property=\"og:locale\" content=\"fr_FR\" \/>\n<meta property=\"og:type\" content=\"article\" \/>\n<meta property=\"og:title\" content=\"Applications\" \/>\n<meta property=\"og:description\" content=\"Nos technologies sont utilis\u00e9es dans des applications en semi-conducteurs, t\u00e9l\u00e9coms, a\u00e9rospatiale, MedTech, horlogerie et produits de luxe.\" \/>\n<meta property=\"og:url\" content=\"https:\/\/syandse.ch\/fr\/applications\/\" \/>\n<meta property=\"og:site_name\" content=\"Sy&amp;Se SA\" \/>\n<meta property=\"article:modified_time\" content=\"2025-02-24T18:45:17+00:00\" \/>\n<meta name=\"twitter:card\" content=\"summary_large_image\" \/>\n<meta name=\"twitter:label1\" content=\"Dur\u00e9e de lecture estim\u00e9e\" \/>\n\t<meta name=\"twitter:data1\" content=\"1 minute\" \/>\n<script type=\"application\/ld+json\" class=\"yoast-schema-graph\">{\"@context\":\"https:\\\/\\\/schema.org\",\"@graph\":[{\"@type\":\"WebPage\",\"@id\":\"https:\\\/\\\/syandse.ch\\\/fr\\\/applications\\\/\",\"url\":\"https:\\\/\\\/syandse.ch\\\/fr\\\/applications\\\/\",\"name\":\"Application de la technologie ICB et ses avantages - Sy&amp;Se SA\",\"isPartOf\":{\"@id\":\"https:\\\/\\\/syandse.ch\\\/fr\\\/#website\"},\"datePublished\":\"2021-09-03T11:21:22+00:00\",\"dateModified\":\"2025-02-24T18:45:17+00:00\",\"description\":\"Nos technologies sont utilis\u00e9es dans des applications en semi-conducteurs, t\u00e9l\u00e9coms, a\u00e9rospatiale, MedTech, horlogerie et produits de luxe.\",\"breadcrumb\":{\"@id\":\"https:\\\/\\\/syandse.ch\\\/fr\\\/applications\\\/#breadcrumb\"},\"inLanguage\":\"fr-FR\",\"potentialAction\":[{\"@type\":\"ReadAction\",\"target\":[\"https:\\\/\\\/syandse.ch\\\/fr\\\/applications\\\/\"]}]},{\"@type\":\"BreadcrumbList\",\"@id\":\"https:\\\/\\\/syandse.ch\\\/fr\\\/applications\\\/#breadcrumb\",\"itemListElement\":[{\"@type\":\"ListItem\",\"position\":1,\"name\":\"Home\",\"item\":\"https:\\\/\\\/syandse.ch\\\/fr\\\/\"},{\"@type\":\"ListItem\",\"position\":2,\"name\":\"Applications\"}]},{\"@type\":\"WebSite\",\"@id\":\"https:\\\/\\\/syandse.ch\\\/fr\\\/#website\",\"url\":\"https:\\\/\\\/syandse.ch\\\/fr\\\/\",\"name\":\"Sy&amp;Se SA\",\"description\":\"\",\"potentialAction\":[{\"@type\":\"SearchAction\",\"target\":{\"@type\":\"EntryPoint\",\"urlTemplate\":\"https:\\\/\\\/syandse.ch\\\/fr\\\/?s={search_term_string}\"},\"query-input\":{\"@type\":\"PropertyValueSpecification\",\"valueRequired\":true,\"valueName\":\"search_term_string\"}}],\"inLanguage\":\"fr-FR\"}]}<\/script>\n<!-- \/ Yoast SEO Premium plugin. -->","yoast_head_json":{"title":"Application de la technologie ICB et ses avantages - Sy&amp;Se SA","description":"Nos technologies sont utilis\u00e9es dans des applications en semi-conducteurs, t\u00e9l\u00e9coms, a\u00e9rospatiale, MedTech, horlogerie et produits de luxe.","robots":{"index":"index","follow":"follow","max-snippet":"max-snippet:-1","max-image-preview":"max-image-preview:large","max-video-preview":"max-video-preview:-1"},"canonical":"https:\/\/syandse.ch\/fr\/applications\/","og_locale":"fr_FR","og_type":"article","og_title":"Applications","og_description":"Nos technologies sont utilis\u00e9es dans des applications en semi-conducteurs, t\u00e9l\u00e9coms, a\u00e9rospatiale, MedTech, horlogerie et produits de luxe.","og_url":"https:\/\/syandse.ch\/fr\/applications\/","og_site_name":"Sy&amp;Se SA","article_modified_time":"2025-02-24T18:45:17+00:00","twitter_card":"summary_large_image","twitter_misc":{"Dur\u00e9e de lecture estim\u00e9e":"1 minute"},"schema":{"@context":"https:\/\/schema.org","@graph":[{"@type":"WebPage","@id":"https:\/\/syandse.ch\/fr\/applications\/","url":"https:\/\/syandse.ch\/fr\/applications\/","name":"Application de la technologie ICB et ses avantages - Sy&amp;Se SA","isPartOf":{"@id":"https:\/\/syandse.ch\/fr\/#website"},"datePublished":"2021-09-03T11:21:22+00:00","dateModified":"2025-02-24T18:45:17+00:00","description":"Nos technologies sont utilis\u00e9es dans des applications en semi-conducteurs, t\u00e9l\u00e9coms, a\u00e9rospatiale, MedTech, horlogerie et produits de luxe.","breadcrumb":{"@id":"https:\/\/syandse.ch\/fr\/applications\/#breadcrumb"},"inLanguage":"fr-FR","potentialAction":[{"@type":"ReadAction","target":["https:\/\/syandse.ch\/fr\/applications\/"]}]},{"@type":"BreadcrumbList","@id":"https:\/\/syandse.ch\/fr\/applications\/#breadcrumb","itemListElement":[{"@type":"ListItem","position":1,"name":"Home","item":"https:\/\/syandse.ch\/fr\/"},{"@type":"ListItem","position":2,"name":"Applications"}]},{"@type":"WebSite","@id":"https:\/\/syandse.ch\/fr\/#website","url":"https:\/\/syandse.ch\/fr\/","name":"Sy&amp;Se SA","description":"","potentialAction":[{"@type":"SearchAction","target":{"@type":"EntryPoint","urlTemplate":"https:\/\/syandse.ch\/fr\/?s={search_term_string}"},"query-input":{"@type":"PropertyValueSpecification","valueRequired":true,"valueName":"search_term_string"}}],"inLanguage":"fr-FR"}]}},"_links":{"self":[{"href":"https:\/\/syandse.ch\/fr\/wp-json\/wp\/v2\/pages\/418","targetHints":{"allow":["GET"]}}],"collection":[{"href":"https:\/\/syandse.ch\/fr\/wp-json\/wp\/v2\/pages"}],"about":[{"href":"https:\/\/syandse.ch\/fr\/wp-json\/wp\/v2\/types\/page"}],"author":[{"embeddable":true,"href":"https:\/\/syandse.ch\/fr\/wp-json\/wp\/v2\/users\/3"}],"replies":[{"embeddable":true,"href":"https:\/\/syandse.ch\/fr\/wp-json\/wp\/v2\/comments?post=418"}],"version-history":[{"count":19,"href":"https:\/\/syandse.ch\/fr\/wp-json\/wp\/v2\/pages\/418\/revisions"}],"predecessor-version":[{"id":1378,"href":"https:\/\/syandse.ch\/fr\/wp-json\/wp\/v2\/pages\/418\/revisions\/1378"}],"wp:attachment":[{"href":"https:\/\/syandse.ch\/fr\/wp-json\/wp\/v2\/media?parent=418"}],"wp:term":[{"taxonomy":"category","embeddable":true,"href":"https:\/\/syandse.ch\/fr\/wp-json\/wp\/v2\/categories?post=418"}],"curies":[{"name":"wp","href":"https:\/\/api.w.org\/{rel}","templated":true}]}}