{"id":429,"date":"2020-07-27T14:27:40","date_gmt":"2020-07-27T12:27:40","guid":{"rendered":"https:\/\/syandse.lemon.ch\/partners\/"},"modified":"2024-10-16T13:58:58","modified_gmt":"2024-10-16T11:58:58","slug":"partners","status":"publish","type":"page","link":"https:\/\/syandse.ch\/fr\/partners\/","title":{"rendered":"Partenaires"},"content":{"rendered":"\n<p class=\"lead\">Le d\u00e9veloppement r\u00e9ussi de toute entreprise d\u00e9pend \u00e9galement de partenaires solides. Sy&amp;Se SA est reconnaissante d&rsquo;\u00eatre aussi bien entour\u00e9e; quelques uns sont nomm\u00e9s ici. <\/p>\n\n\n\n<figure class=\"wp-block-gallery has-nested-images columns-4 list-partners wp-block-gallery-2 is-layout-flex wp-block-gallery-is-layout-flex\">\n<figure class=\"wp-block-image size-large\"><img decoding=\"async\" data-id=\"691\" src=\"https:\/\/syandse.ch\/wp-content\/uploads\/2020\/08\/logo-hearc-blue-e1631528533908.png\" alt=\"\" class=\"wp-image-691\"\/><\/figure>\n\n\n\n<figure class=\"wp-block-image size-full wp-duotone-rgb125480-ffffff-1\"><img decoding=\"async\" width=\"2008\" height=\"1418\" data-id=\"1225\" src=\"https:\/\/syandse.ch\/wp-content\/uploads\/2024\/10\/Innosuisse_Logo_supported_Scale-up_Coaching_rgb_EN.png\" alt=\"\" class=\"wp-image-1225\" srcset=\"https:\/\/syandse.ch\/wp-content\/uploads\/2024\/10\/Innosuisse_Logo_supported_Scale-up_Coaching_rgb_EN.png 2008w, https:\/\/syandse.ch\/wp-content\/uploads\/2024\/10\/Innosuisse_Logo_supported_Scale-up_Coaching_rgb_EN-300x212.png 300w, https:\/\/syandse.ch\/wp-content\/uploads\/2024\/10\/Innosuisse_Logo_supported_Scale-up_Coaching_rgb_EN-1024x723.png 1024w, https:\/\/syandse.ch\/wp-content\/uploads\/2024\/10\/Innosuisse_Logo_supported_Scale-up_Coaching_rgb_EN-768x542.png 768w, https:\/\/syandse.ch\/wp-content\/uploads\/2024\/10\/Innosuisse_Logo_supported_Scale-up_Coaching_rgb_EN-1536x1085.png 1536w\" sizes=\"(max-width: 2008px) 100vw, 2008px\" \/><\/figure>\n\n\n\n<figure class=\"wp-block-image size-large\"><img decoding=\"async\" data-id=\"693\" src=\"https:\/\/syandse.ch\/wp-content\/uploads\/2020\/08\/logo-ne-blue-e1631528478320.png\" alt=\"\" class=\"wp-image-693\"\/><\/figure>\n\n\n\n<figure class=\"wp-block-image size-large wp-duotone-midnight\"><img decoding=\"async\" width=\"1024\" height=\"450\" data-id=\"925\" src=\"https:\/\/syandse.ch\/wp-content\/uploads\/2021\/12\/LOGO_POLE_EUROPEEN_DE_LA_CERAMIQUE-1024x450-1.png\" alt=\"\" class=\"wp-image-925\" srcset=\"https:\/\/syandse.ch\/wp-content\/uploads\/2021\/12\/LOGO_POLE_EUROPEEN_DE_LA_CERAMIQUE-1024x450-1.png 1024w, https:\/\/syandse.ch\/wp-content\/uploads\/2021\/12\/LOGO_POLE_EUROPEEN_DE_LA_CERAMIQUE-1024x450-1-300x132.png 300w, https:\/\/syandse.ch\/wp-content\/uploads\/2021\/12\/LOGO_POLE_EUROPEEN_DE_LA_CERAMIQUE-1024x450-1-768x338.png 768w\" sizes=\"(max-width: 1024px) 100vw, 1024px\" \/><\/figure>\n<\/figure>\n\n\n\n\n","protected":false},"excerpt":{"rendered":"<p>Le d\u00e9veloppement r\u00e9ussi de toute entreprise d\u00e9pend \u00e9galement de partenaires solides. Sy&amp;Se SA est reconnaissante d&rsquo;\u00eatre aussi bien entour\u00e9e; quelques uns sont nomm\u00e9s ici.<\/p>\n","protected":false},"author":1,"featured_media":0,"parent":0,"menu_order":0,"comment_status":"closed","ping_status":"closed","template":"","meta":{"_acf_changed":false,"footnotes":""},"categories":[],"class_list":["post-429","page","type-page","status-publish","hentry"],"acf":[],"yoast_head":"<!-- This site is optimized with the Yoast SEO Premium plugin v26.2 (Yoast SEO v27.3) - https:\/\/yoast.com\/product\/yoast-seo-premium-wordpress\/ -->\n<title>Partenaires - Sy&amp;Se SA<\/title>\n<meta name=\"description\" content=\"Sy&amp;Se SA est reconnaissante d\u2019\u00eatre entour\u00e9e de partenaires solides \u00e0 l&#039;\u00e9chelle nationale et internationale.\" \/>\n<meta name=\"robots\" content=\"index, follow, max-snippet:-1, max-image-preview:large, max-video-preview:-1\" \/>\n<link rel=\"canonical\" href=\"https:\/\/syandse.ch\/fr\/partners\/\" \/>\n<meta property=\"og:locale\" content=\"fr_FR\" \/>\n<meta property=\"og:type\" content=\"article\" \/>\n<meta property=\"og:title\" content=\"Partenaires\" \/>\n<meta property=\"og:description\" content=\"Sy&amp;Se SA est reconnaissante d\u2019\u00eatre entour\u00e9e de partenaires solides \u00e0 l&#039;\u00e9chelle nationale et internationale.\" \/>\n<meta property=\"og:url\" content=\"https:\/\/syandse.ch\/fr\/partners\/\" \/>\n<meta property=\"og:site_name\" content=\"Sy&amp;Se SA\" \/>\n<meta property=\"article:modified_time\" content=\"2024-10-16T11:58:58+00:00\" \/>\n<meta property=\"og:image\" content=\"https:\/\/syandse.ch\/wp-content\/uploads\/2020\/08\/logo-hearc-blue-e1631528533908.png\" \/>\n\t<meta property=\"og:image:width\" content=\"440\" \/>\n\t<meta property=\"og:image:height\" content=\"240\" \/>\n\t<meta property=\"og:image:type\" content=\"image\/png\" \/>\n<meta name=\"twitter:card\" content=\"summary_large_image\" \/>\n<meta name=\"twitter:label1\" content=\"Dur\u00e9e de lecture estim\u00e9e\" \/>\n\t<meta name=\"twitter:data1\" content=\"1 minute\" \/>\n<script type=\"application\/ld+json\" class=\"yoast-schema-graph\">{\"@context\":\"https:\\\/\\\/schema.org\",\"@graph\":[{\"@type\":\"WebPage\",\"@id\":\"https:\\\/\\\/syandse.ch\\\/fr\\\/partners\\\/\",\"url\":\"https:\\\/\\\/syandse.ch\\\/fr\\\/partners\\\/\",\"name\":\"Partenaires - Sy&amp;Se SA\",\"isPartOf\":{\"@id\":\"https:\\\/\\\/syandse.ch\\\/fr\\\/#website\"},\"primaryImageOfPage\":{\"@id\":\"https:\\\/\\\/syandse.ch\\\/fr\\\/partners\\\/#primaryimage\"},\"image\":{\"@id\":\"https:\\\/\\\/syandse.ch\\\/fr\\\/partners\\\/#primaryimage\"},\"thumbnailUrl\":\"https:\\\/\\\/syandse.ch\\\/wp-content\\\/uploads\\\/2020\\\/08\\\/logo-hearc-blue-e1631528533908.png\",\"datePublished\":\"2020-07-27T12:27:40+00:00\",\"dateModified\":\"2024-10-16T11:58:58+00:00\",\"description\":\"Sy&Se SA est reconnaissante d\u2019\u00eatre entour\u00e9e de partenaires solides \u00e0 l'\u00e9chelle nationale et internationale.\",\"breadcrumb\":{\"@id\":\"https:\\\/\\\/syandse.ch\\\/fr\\\/partners\\\/#breadcrumb\"},\"inLanguage\":\"fr-FR\",\"potentialAction\":[{\"@type\":\"ReadAction\",\"target\":[\"https:\\\/\\\/syandse.ch\\\/fr\\\/partners\\\/\"]}]},{\"@type\":\"ImageObject\",\"inLanguage\":\"fr-FR\",\"@id\":\"https:\\\/\\\/syandse.ch\\\/fr\\\/partners\\\/#primaryimage\",\"url\":\"https:\\\/\\\/syandse.ch\\\/wp-content\\\/uploads\\\/2020\\\/08\\\/logo-hearc-blue-e1631528533908.png\",\"contentUrl\":\"https:\\\/\\\/syandse.ch\\\/wp-content\\\/uploads\\\/2020\\\/08\\\/logo-hearc-blue-e1631528533908.png\"},{\"@type\":\"BreadcrumbList\",\"@id\":\"https:\\\/\\\/syandse.ch\\\/fr\\\/partners\\\/#breadcrumb\",\"itemListElement\":[{\"@type\":\"ListItem\",\"position\":1,\"name\":\"Home\",\"item\":\"https:\\\/\\\/syandse.ch\\\/fr\\\/\"},{\"@type\":\"ListItem\",\"position\":2,\"name\":\"Partenaires\"}]},{\"@type\":\"WebSite\",\"@id\":\"https:\\\/\\\/syandse.ch\\\/fr\\\/#website\",\"url\":\"https:\\\/\\\/syandse.ch\\\/fr\\\/\",\"name\":\"Sy&amp;Se SA\",\"description\":\"\",\"potentialAction\":[{\"@type\":\"SearchAction\",\"target\":{\"@type\":\"EntryPoint\",\"urlTemplate\":\"https:\\\/\\\/syandse.ch\\\/fr\\\/?s={search_term_string}\"},\"query-input\":{\"@type\":\"PropertyValueSpecification\",\"valueRequired\":true,\"valueName\":\"search_term_string\"}}],\"inLanguage\":\"fr-FR\"}]}<\/script>\n<!-- \/ Yoast SEO Premium plugin. -->","yoast_head_json":{"title":"Partenaires - Sy&amp;Se SA","description":"Sy&Se SA est reconnaissante d\u2019\u00eatre entour\u00e9e de partenaires solides \u00e0 l'\u00e9chelle nationale et internationale.","robots":{"index":"index","follow":"follow","max-snippet":"max-snippet:-1","max-image-preview":"max-image-preview:large","max-video-preview":"max-video-preview:-1"},"canonical":"https:\/\/syandse.ch\/fr\/partners\/","og_locale":"fr_FR","og_type":"article","og_title":"Partenaires","og_description":"Sy&Se SA est reconnaissante d\u2019\u00eatre entour\u00e9e de partenaires solides \u00e0 l'\u00e9chelle nationale et internationale.","og_url":"https:\/\/syandse.ch\/fr\/partners\/","og_site_name":"Sy&amp;Se SA","article_modified_time":"2024-10-16T11:58:58+00:00","og_image":[{"width":440,"height":240,"url":"https:\/\/syandse.ch\/wp-content\/uploads\/2020\/08\/logo-hearc-blue-e1631528533908.png","type":"image\/png"}],"twitter_card":"summary_large_image","twitter_misc":{"Dur\u00e9e de lecture estim\u00e9e":"1 minute"},"schema":{"@context":"https:\/\/schema.org","@graph":[{"@type":"WebPage","@id":"https:\/\/syandse.ch\/fr\/partners\/","url":"https:\/\/syandse.ch\/fr\/partners\/","name":"Partenaires - Sy&amp;Se SA","isPartOf":{"@id":"https:\/\/syandse.ch\/fr\/#website"},"primaryImageOfPage":{"@id":"https:\/\/syandse.ch\/fr\/partners\/#primaryimage"},"image":{"@id":"https:\/\/syandse.ch\/fr\/partners\/#primaryimage"},"thumbnailUrl":"https:\/\/syandse.ch\/wp-content\/uploads\/2020\/08\/logo-hearc-blue-e1631528533908.png","datePublished":"2020-07-27T12:27:40+00:00","dateModified":"2024-10-16T11:58:58+00:00","description":"Sy&Se SA est reconnaissante d\u2019\u00eatre entour\u00e9e de partenaires solides \u00e0 l'\u00e9chelle nationale et internationale.","breadcrumb":{"@id":"https:\/\/syandse.ch\/fr\/partners\/#breadcrumb"},"inLanguage":"fr-FR","potentialAction":[{"@type":"ReadAction","target":["https:\/\/syandse.ch\/fr\/partners\/"]}]},{"@type":"ImageObject","inLanguage":"fr-FR","@id":"https:\/\/syandse.ch\/fr\/partners\/#primaryimage","url":"https:\/\/syandse.ch\/wp-content\/uploads\/2020\/08\/logo-hearc-blue-e1631528533908.png","contentUrl":"https:\/\/syandse.ch\/wp-content\/uploads\/2020\/08\/logo-hearc-blue-e1631528533908.png"},{"@type":"BreadcrumbList","@id":"https:\/\/syandse.ch\/fr\/partners\/#breadcrumb","itemListElement":[{"@type":"ListItem","position":1,"name":"Home","item":"https:\/\/syandse.ch\/fr\/"},{"@type":"ListItem","position":2,"name":"Partenaires"}]},{"@type":"WebSite","@id":"https:\/\/syandse.ch\/fr\/#website","url":"https:\/\/syandse.ch\/fr\/","name":"Sy&amp;Se SA","description":"","potentialAction":[{"@type":"SearchAction","target":{"@type":"EntryPoint","urlTemplate":"https:\/\/syandse.ch\/fr\/?s={search_term_string}"},"query-input":{"@type":"PropertyValueSpecification","valueRequired":true,"valueName":"search_term_string"}}],"inLanguage":"fr-FR"}]}},"_links":{"self":[{"href":"https:\/\/syandse.ch\/fr\/wp-json\/wp\/v2\/pages\/429","targetHints":{"allow":["GET"]}}],"collection":[{"href":"https:\/\/syandse.ch\/fr\/wp-json\/wp\/v2\/pages"}],"about":[{"href":"https:\/\/syandse.ch\/fr\/wp-json\/wp\/v2\/types\/page"}],"author":[{"embeddable":true,"href":"https:\/\/syandse.ch\/fr\/wp-json\/wp\/v2\/users\/1"}],"replies":[{"embeddable":true,"href":"https:\/\/syandse.ch\/fr\/wp-json\/wp\/v2\/comments?post=429"}],"version-history":[{"count":11,"href":"https:\/\/syandse.ch\/fr\/wp-json\/wp\/v2\/pages\/429\/revisions"}],"predecessor-version":[{"id":1382,"href":"https:\/\/syandse.ch\/fr\/wp-json\/wp\/v2\/pages\/429\/revisions\/1382"}],"wp:attachment":[{"href":"https:\/\/syandse.ch\/fr\/wp-json\/wp\/v2\/media?parent=429"}],"wp:term":[{"taxonomy":"category","embeddable":true,"href":"https:\/\/syandse.ch\/fr\/wp-json\/wp\/v2\/categories?post=429"}],"curies":[{"name":"wp","href":"https:\/\/api.w.org\/{rel}","templated":true}]}}