{"id":439,"date":"2020-07-30T11:35:37","date_gmt":"2020-07-30T09:35:37","guid":{"rendered":"https:\/\/syandse.lemon.ch\/technologies\/"},"modified":"2021-11-12T14:21:15","modified_gmt":"2021-11-12T13:21:15","slug":"technologies","status":"publish","type":"page","link":"https:\/\/syandse.ch\/fr\/technologies\/","title":{"rendered":"Technologies"},"content":{"rendered":"","protected":false},"excerpt":{"rendered":"","protected":false},"author":1,"featured_media":0,"parent":0,"menu_order":0,"comment_status":"closed","ping_status":"closed","template":"page-templates\/template-technologies.php","meta":{"_acf_changed":false,"footnotes":""},"categories":[],"class_list":["post-439","page","type-page","status-publish","hentry"],"acf":[],"yoast_head":"<!-- This site is optimized with the Yoast SEO Premium plugin v26.2 (Yoast SEO v27.3) - https:\/\/yoast.com\/product\/yoast-seo-premium-wordpress\/ -->\n<title>Technologies - Sy&amp;Se SA<\/title>\n<meta name=\"description\" content=\"D\u00e9couvrez nos technologies ICB et AdHera brevet\u00e9es pour l&#039;assemblage \u00e0 basse temp\u00e9rature et le renforcement d&#039;adh\u00e9sion de couches minces\" \/>\n<meta name=\"robots\" content=\"index, follow, max-snippet:-1, max-image-preview:large, max-video-preview:-1\" \/>\n<link rel=\"canonical\" href=\"https:\/\/syandse.ch\/fr\/technologies\/\" \/>\n<meta property=\"og:locale\" content=\"fr_FR\" \/>\n<meta property=\"og:type\" content=\"article\" \/>\n<meta property=\"og:title\" content=\"Technologies\" \/>\n<meta property=\"og:description\" content=\"D\u00e9couvrez nos technologies ICB et AdHera brevet\u00e9es pour l&#039;assemblage \u00e0 basse temp\u00e9rature et le renforcement d&#039;adh\u00e9sion de couches minces\" \/>\n<meta property=\"og:url\" content=\"https:\/\/syandse.ch\/fr\/technologies\/\" \/>\n<meta property=\"og:site_name\" content=\"Sy&amp;Se SA\" \/>\n<meta property=\"article:modified_time\" content=\"2021-11-12T13:21:15+00:00\" \/>\n<meta name=\"twitter:card\" content=\"summary_large_image\" \/>\n<script type=\"application\/ld+json\" class=\"yoast-schema-graph\">{\"@context\":\"https:\\\/\\\/schema.org\",\"@graph\":[{\"@type\":\"WebPage\",\"@id\":\"https:\\\/\\\/syandse.ch\\\/fr\\\/technologies\\\/\",\"url\":\"https:\\\/\\\/syandse.ch\\\/fr\\\/technologies\\\/\",\"name\":\"Technologies - Sy&amp;Se SA\",\"isPartOf\":{\"@id\":\"https:\\\/\\\/syandse.ch\\\/fr\\\/#website\"},\"datePublished\":\"2020-07-30T09:35:37+00:00\",\"dateModified\":\"2021-11-12T13:21:15+00:00\",\"description\":\"D\u00e9couvrez nos technologies ICB et AdHera brevet\u00e9es pour l'assemblage \u00e0 basse temp\u00e9rature et le renforcement d'adh\u00e9sion de couches minces\",\"breadcrumb\":{\"@id\":\"https:\\\/\\\/syandse.ch\\\/fr\\\/technologies\\\/#breadcrumb\"},\"inLanguage\":\"fr-FR\",\"potentialAction\":[{\"@type\":\"ReadAction\",\"target\":[\"https:\\\/\\\/syandse.ch\\\/fr\\\/technologies\\\/\"]}]},{\"@type\":\"BreadcrumbList\",\"@id\":\"https:\\\/\\\/syandse.ch\\\/fr\\\/technologies\\\/#breadcrumb\",\"itemListElement\":[{\"@type\":\"ListItem\",\"position\":1,\"name\":\"Home\",\"item\":\"https:\\\/\\\/syandse.ch\\\/fr\\\/\"},{\"@type\":\"ListItem\",\"position\":2,\"name\":\"Technologies\"}]},{\"@type\":\"WebSite\",\"@id\":\"https:\\\/\\\/syandse.ch\\\/fr\\\/#website\",\"url\":\"https:\\\/\\\/syandse.ch\\\/fr\\\/\",\"name\":\"Sy&amp;Se SA\",\"description\":\"\",\"potentialAction\":[{\"@type\":\"SearchAction\",\"target\":{\"@type\":\"EntryPoint\",\"urlTemplate\":\"https:\\\/\\\/syandse.ch\\\/fr\\\/?s={search_term_string}\"},\"query-input\":{\"@type\":\"PropertyValueSpecification\",\"valueRequired\":true,\"valueName\":\"search_term_string\"}}],\"inLanguage\":\"fr-FR\"}]}<\/script>\n<!-- \/ Yoast SEO Premium plugin. -->","yoast_head_json":{"title":"Technologies - Sy&amp;Se SA","description":"D\u00e9couvrez nos technologies ICB et AdHera brevet\u00e9es pour l'assemblage \u00e0 basse temp\u00e9rature et le renforcement d'adh\u00e9sion de couches minces","robots":{"index":"index","follow":"follow","max-snippet":"max-snippet:-1","max-image-preview":"max-image-preview:large","max-video-preview":"max-video-preview:-1"},"canonical":"https:\/\/syandse.ch\/fr\/technologies\/","og_locale":"fr_FR","og_type":"article","og_title":"Technologies","og_description":"D\u00e9couvrez nos technologies ICB et AdHera brevet\u00e9es pour l'assemblage \u00e0 basse temp\u00e9rature et le renforcement d'adh\u00e9sion de couches minces","og_url":"https:\/\/syandse.ch\/fr\/technologies\/","og_site_name":"Sy&amp;Se SA","article_modified_time":"2021-11-12T13:21:15+00:00","twitter_card":"summary_large_image","schema":{"@context":"https:\/\/schema.org","@graph":[{"@type":"WebPage","@id":"https:\/\/syandse.ch\/fr\/technologies\/","url":"https:\/\/syandse.ch\/fr\/technologies\/","name":"Technologies - Sy&amp;Se SA","isPartOf":{"@id":"https:\/\/syandse.ch\/fr\/#website"},"datePublished":"2020-07-30T09:35:37+00:00","dateModified":"2021-11-12T13:21:15+00:00","description":"D\u00e9couvrez nos technologies ICB et AdHera brevet\u00e9es pour l'assemblage \u00e0 basse temp\u00e9rature et le renforcement d'adh\u00e9sion de couches minces","breadcrumb":{"@id":"https:\/\/syandse.ch\/fr\/technologies\/#breadcrumb"},"inLanguage":"fr-FR","potentialAction":[{"@type":"ReadAction","target":["https:\/\/syandse.ch\/fr\/technologies\/"]}]},{"@type":"BreadcrumbList","@id":"https:\/\/syandse.ch\/fr\/technologies\/#breadcrumb","itemListElement":[{"@type":"ListItem","position":1,"name":"Home","item":"https:\/\/syandse.ch\/fr\/"},{"@type":"ListItem","position":2,"name":"Technologies"}]},{"@type":"WebSite","@id":"https:\/\/syandse.ch\/fr\/#website","url":"https:\/\/syandse.ch\/fr\/","name":"Sy&amp;Se SA","description":"","potentialAction":[{"@type":"SearchAction","target":{"@type":"EntryPoint","urlTemplate":"https:\/\/syandse.ch\/fr\/?s={search_term_string}"},"query-input":{"@type":"PropertyValueSpecification","valueRequired":true,"valueName":"search_term_string"}}],"inLanguage":"fr-FR"}]}},"_links":{"self":[{"href":"https:\/\/syandse.ch\/fr\/wp-json\/wp\/v2\/pages\/439","targetHints":{"allow":["GET"]}}],"collection":[{"href":"https:\/\/syandse.ch\/fr\/wp-json\/wp\/v2\/pages"}],"about":[{"href":"https:\/\/syandse.ch\/fr\/wp-json\/wp\/v2\/types\/page"}],"author":[{"embeddable":true,"href":"https:\/\/syandse.ch\/fr\/wp-json\/wp\/v2\/users\/1"}],"replies":[{"embeddable":true,"href":"https:\/\/syandse.ch\/fr\/wp-json\/wp\/v2\/comments?post=439"}],"version-history":[{"count":1,"href":"https:\/\/syandse.ch\/fr\/wp-json\/wp\/v2\/pages\/439\/revisions"}],"predecessor-version":[{"id":440,"href":"https:\/\/syandse.ch\/fr\/wp-json\/wp\/v2\/pages\/439\/revisions\/440"}],"wp:attachment":[{"href":"https:\/\/syandse.ch\/fr\/wp-json\/wp\/v2\/media?parent=439"}],"wp:term":[{"taxonomy":"category","embeddable":true,"href":"https:\/\/syandse.ch\/fr\/wp-json\/wp\/v2\/categories?post=439"}],"curies":[{"name":"wp","href":"https:\/\/api.w.org\/{rel}","templated":true}]}}